{"id":250,"date":"2026-04-01T19:30:23","date_gmt":"2026-04-01T17:30:23","guid":{"rendered":"https:\/\/neurovita.pl\/?page_id=250"},"modified":"2026-04-24T21:53:08","modified_gmt":"2026-04-24T19:53:08","slug":"nasz-osrodek","status":"publish","type":"page","link":"https:\/\/neurovita.pl\/en\/o-nas\/nasz-osrodek\/","title":{"rendered":"Nasz o\u015brodek"},"content":{"rendered":"\n<div class=\"wp-block-group alignwide has-global-padding is-layout-constrained wp-container-core-group-is-layout-3c58c6e0 wp-block-group-is-layout-constrained\" style=\"margin-top:var(--wp--preset--spacing--70);margin-bottom:var(--wp--preset--spacing--70)\"><nav aria-label=\"Breadcrumb\" class=\"neurovita-breadcrumbs\"><ol><\/ol><\/nav><style>nav.neurovita-breadcrumbs ol{display:inline;list-style:none;margin-inline-start:0}nav.neurovita-breadcrumbs ol li{display:inline}nav.neurovita-breadcrumbs ol li:not(:last-child)::after{content:'\\203A';margin-inline-end:1ch;margin-inline-start:1ch}<\/style>\n\n\n\n<h1 class=\"wp-block-heading\"><strong>Centrum Medyczne NeuroVita<\/strong><\/h1>\n\n\n\n<div style=\"height:40px\" aria-hidden=\"true\" class=\"wp-block-spacer\"><\/div>\n\n\n\n<div class=\"wp-block-columns is-layout-flex wp-container-core-columns-is-layout-28f84493 wp-block-columns-is-layout-flex\">\n<div class=\"wp-block-column is-layout-flow wp-block-column-is-layout-flow\" style=\"flex-basis:33.33%\">\n<figure class=\"wp-block-image alignleft size-full is-resized is-style-rotated-shadow\" style=\"margin-top:var(--wp--preset--spacing--20);margin-right:var(--wp--preset--spacing--40);margin-bottom:var(--wp--preset--spacing--40);margin-left:var(--wp--preset--spacing--40)\"><img loading=\"lazy\" decoding=\"async\" width=\"1290\" height=\"1032\" src=\"https:\/\/neurovita.pl\/wp-content\/uploads\/2026\/04\/WhatsApp-Image-2026-03-25-at-13.39.11.jpeg\" alt=\"\" class=\"wp-image-475\" style=\"aspect-ratio:1;object-fit:cover;width:389px;height:auto\" srcset=\"https:\/\/neurovita.pl\/wp-content\/uploads\/2026\/04\/WhatsApp-Image-2026-03-25-at-13.39.11.jpeg 1290w, https:\/\/neurovita.pl\/wp-content\/uploads\/2026\/04\/WhatsApp-Image-2026-03-25-at-13.39.11-300x240.jpeg 300w, https:\/\/neurovita.pl\/wp-content\/uploads\/2026\/04\/WhatsApp-Image-2026-03-25-at-13.39.11-1024x819.jpeg 1024w, https:\/\/neurovita.pl\/wp-content\/uploads\/2026\/04\/WhatsApp-Image-2026-03-25-at-13.39.11-768x614.jpeg 768w\" sizes=\"auto, (max-width: 1290px) 100vw, 1290px\" \/><\/figure>\n<\/div>\n\n\n\n<div class=\"wp-block-column is-vertically-aligned-center is-layout-flow wp-block-column-is-layout-flow\" style=\"flex-basis:66.66%\">\n<div class=\"wp-block-group has-global-padding is-layout-constrained wp-block-group-is-layout-constrained\">\n<h2 class=\"wp-block-heading\"><strong>Misja Neurovity<\/strong><\/h2>\n\n\n\n<p class=\"has-text-align-left\"> Neurovita to nowoczesna plac\u00f3wka medyczna w Krakowie, stworzona z my\u015bl\u0105 o pacjentach poszukuj\u0105cych rzetelnej diagnostyki, skutecznego leczenia oraz dost\u0119pu do najnowszych osi\u0105gni\u0119\u0107 medycyny. Nasz\u0105 misj\u0105 jest \u0142\u0105czenie wiedzy klinicznej, nowoczesnych technologii i indywidualnego podej\u015bcia do ka\u017cdego pacjenta. W Neurovicie wierzymy, \u017ce medycyna powinna by\u0107 nie tylko skuteczna, ale tak\u017ce zrozumia\u0142a i dost\u0119pna \u2013 dlatego dbamy o jasn\u0105 komunikacj\u0119, komfort pacjent\u00f3w oraz opiek\u0119 opart\u0105 na zaufaniu i do\u015bwiadczeniu specjalist\u00f3w.<\/p>\n<\/div>\n<\/div>\n<\/div>\n\n\n\n<div class=\"wp-block-columns is-layout-flex wp-container-core-columns-is-layout-28f84493 wp-block-columns-is-layout-flex\">\n<div class=\"wp-block-column is-vertically-aligned-center mobile-order-2 is-layout-flow wp-block-column-is-layout-flow\" style=\"flex-basis:66.66%\">\n<div class=\"wp-block-group has-global-padding is-layout-constrained wp-container-core-group-is-layout-e0082cf6 wp-block-group-is-layout-constrained\">\n<h2 class=\"wp-block-heading has-text-align-right mobile-left\"><strong>Za\u0142o\u017cyciel \u2013 Pawe\u0142 Wrona<\/strong><\/h2>\n\n\n\n<p class=\"has-text-align-right mobile-left\"><strong><br><\/strong> Za powstaniem Neurovity stoi Pawe\u0142 Wrona \u2013 lekarz, kt\u00f3ry od lat anga\u017cuje si\u0119 w rozw\u00f3j nowoczesnej diagnostyki oraz bada\u0144 klinicznych w Polsce. Jego wizj\u0105 by\u0142o stworzenie miejsca, w kt\u00f3rym pacjenci mog\u0105 liczy\u0107 na kompleksow\u0105 opiek\u0119 oraz dost\u0119p do innowacyjnych metod leczenia. Dzi\u0119ki do\u015bwiadczeniu zdobytemu w pracy z pacjentami i w prowadzeniu projekt\u00f3w medycznych, dr Wrona buduje zesp\u00f3\u0142 specjalist\u00f3w, kt\u00f3rzy wsp\u00f3lnie tworz\u0105 \u015brodowisko sprzyjaj\u0105ce rozwojowi medycyny opartej na wiedzy naukowej i praktyce klinicznej.<\/p>\n<\/div>\n<\/div>\n\n\n\n<div class=\"wp-block-column is-vertically-aligned-center mobile-order-1 is-layout-flow wp-block-column-is-layout-flow\" style=\"padding-top:var(--wp--preset--spacing--30);flex-basis:33.33%\">\n<figure class=\"wp-block-image alignright size-full is-resized is-style-rotated-shadow mobile-left\" style=\"margin-right:var(--wp--preset--spacing--40);margin-bottom:var(--wp--preset--spacing--40)\"><img loading=\"lazy\" decoding=\"async\" width=\"530\" height=\"530\" src=\"https:\/\/neurovita.pl\/wp-content\/uploads\/2026\/04\/Pawel-Wrona.jpeg\" alt=\"\" class=\"wp-image-901\" style=\"width:500px\" srcset=\"https:\/\/neurovita.pl\/wp-content\/uploads\/2026\/04\/Pawel-Wrona.jpeg 530w, https:\/\/neurovita.pl\/wp-content\/uploads\/2026\/04\/Pawel-Wrona-300x300.jpeg 300w, https:\/\/neurovita.pl\/wp-content\/uploads\/2026\/04\/Pawel-Wrona-150x150.jpeg 150w\" sizes=\"auto, (max-width: 530px) 100vw, 530px\" \/><\/figure>\n<\/div>\n<\/div>\n\n\n\n<div class=\"wp-block-columns is-layout-flex wp-container-core-columns-is-layout-8dca0e93 wp-block-columns-is-layout-flex\" style=\"margin-bottom:var(--wp--preset--spacing--70)\">\n<div class=\"wp-block-column is-layout-flow wp-block-column-is-layout-flow\" style=\"flex-basis:33.33%\">\n<figure class=\"wp-block-image alignleft size-full is-style-rotated-shadow\" style=\"margin-top:var(--wp--preset--spacing--20);margin-right:var(--wp--preset--spacing--40);margin-bottom:var(--wp--preset--spacing--40);margin-left:var(--wp--preset--spacing--40)\"><img loading=\"lazy\" decoding=\"async\" width=\"1290\" height=\"861\" src=\"https:\/\/neurovita.pl\/wp-content\/uploads\/2026\/04\/WhatsApp-Image-2026-03-25-at-13.39.09-4.jpeg\" alt=\"\" class=\"wp-image-477\" style=\"aspect-ratio:1;object-fit:cover\" srcset=\"https:\/\/neurovita.pl\/wp-content\/uploads\/2026\/04\/WhatsApp-Image-2026-03-25-at-13.39.09-4.jpeg 1290w, https:\/\/neurovita.pl\/wp-content\/uploads\/2026\/04\/WhatsApp-Image-2026-03-25-at-13.39.09-4-300x200.jpeg 300w, https:\/\/neurovita.pl\/wp-content\/uploads\/2026\/04\/WhatsApp-Image-2026-03-25-at-13.39.09-4-1024x683.jpeg 1024w, https:\/\/neurovita.pl\/wp-content\/uploads\/2026\/04\/WhatsApp-Image-2026-03-25-at-13.39.09-4-768x513.jpeg 768w\" sizes=\"auto, (max-width: 1290px) 100vw, 1290px\" \/><\/figure>\n<\/div>\n\n\n\n<div class=\"wp-block-column is-vertically-aligned-center is-layout-flow wp-block-column-is-layout-flow\" style=\"flex-basis:66.66%\">\n<div class=\"wp-block-group has-global-padding is-layout-constrained wp-block-group-is-layout-constrained\">\n<h2 class=\"wp-block-heading\"><strong><strong>Nowoczesne podej\u015bcie do bada\u0144 klinicznych<\/strong><\/strong><\/h2>\n\n\n\n<p class=\"has-text-align-left\">Neurovita rozwija si\u0119 tak\u017ce jako o\u015brodek bada\u0144 klinicznych, kt\u00f3re odgrywaj\u0105 kluczow\u0105 rol\u0119 w rozwoju wsp\u00f3\u0142czesnej medycyny. To w\u0142a\u015bnie dzi\u0119ki nim mo\u017cliwe jest wprowadzanie nowych terapii, lek\u00f3w i metod diagnostycznych, zanim stan\u0105 si\u0119 one powszechnie dost\u0119pne. W naszej plac\u00f3wce badania prowadzone s\u0105 zgodnie z najwy\u017cszymi standardami bezpiecze\u0144stwa i etyki, a pacjenci maj\u0105 szans\u0119 skorzysta\u0107 z nowoczesnych terapii oraz specjalistycznej opieki zespo\u0142u lekarzy i koordynator\u00f3w bada\u0144.<\/p>\n<\/div>\n<\/div>\n<\/div>\n\n\n\n<h2 class=\"wp-block-heading has-text-align-center mobile-left\"><strong><strong>Dlaczego regularne badania s\u0105 tak wa\u017cne?<\/strong><\/strong><\/h2>\n\n\n\n<p class=\"has-text-align-center mobile-left\"><strong><br><\/strong>Wsp\u00f3\u0142czesna medycyna coraz wyra\u017aniej pokazuje, \u017ce kluczem do zdrowia jest profilaktyka i wczesne wykrywanie chor\u00f3b. Regularne badania pozwalaj\u0105 zauwa\u017cy\u0107 niepokoj\u0105ce zmiany na bardzo wczesnym etapie, cz\u0119sto jeszcze zanim pojawi\u0105 si\u0119 objawy. Dlatego w Neurovicie zach\u0119camy pacjent\u00f3w do \u015bwiadomego dbania o swoje zdrowie i wykonywania bada\u0144 kontrolnych. To prosta, ale niezwykle skuteczna droga do tego, by cieszy\u0107 si\u0119 dobrym samopoczuciem i spokojem na d\u0142ugie lata.<\/p>\n\n\n\n<div style=\"height:50px\" aria-hidden=\"true\" class=\"wp-block-spacer\"><\/div>\n\n\n\n<div class=\"wp-block-group alignwide has-custom-dark-green-background-color has-background has-global-padding is-layout-constrained wp-container-core-group-is-layout-455aa0f5 wp-block-group-is-layout-constrained\" style=\"border-top-left-radius:2rem;border-top-right-radius:2rem;border-bottom-left-radius:2rem;border-bottom-right-radius:2rem;padding-top:var(--wp--preset--spacing--60);padding-right:var(--wp--preset--spacing--60);padding-bottom:var(--wp--preset--spacing--60);padding-left:var(--wp--preset--spacing--60)\">\n<h2 class=\"wp-block-heading has-text-align-center\"><mark style=\"background-color:rgba(0, 0, 0, 0)\" class=\"has-inline-color has-custom-white-color\">Zadbaj o swoje <\/mark><em><mark style=\"background-color:rgba(0, 0, 0, 0)\" class=\"has-inline-color has-custom-sand-color\">zdrowie<\/mark><\/em><mark style=\"background-color:rgba(0, 0, 0, 0)\" class=\"has-inline-color has-custom-white-color\">ju\u017c dzi\u015b<\/mark><\/h2>\n\n\n\n<p class=\"has-text-align-center\"><mark style=\"background-color:rgba(0, 0, 0, 0);color:#ffffffcc\" class=\"has-inline-color\">Nasi specjali\u015bci s\u0105 gotowi, aby pom\u00f3c Ci odzyska\u0107 komfort \u017cycia.<br>Um\u00f3w wizyt\u0119 w dogodnym terminie.<\/mark><\/p>\n\n\n\n<div class=\"wp-block-buttons is-content-justification-center is-layout-flex wp-container-core-buttons-is-layout-a89b3969 wp-block-buttons-is-layout-flex\">\n<div class=\"wp-block-button\"><a class=\"wp-block-button__link has-custom-dark-green-color has-base-background-color has-text-color has-background has-link-color has-large-font-size has-custom-font-size wp-element-button\" href=\"https:\/\/www.znanylekarz.pl\/placowki\/vitamedicum-itw\" style=\"border-style:none;border-width:0px\" target=\"_blank\" rel=\"noreferrer noopener\">Um\u00f3w wizyt\u0119 online<\/a><\/div>\n\n\n\n<div class=\"wp-block-button is-style-outline is-style-outline--1\"><a class=\"wp-block-button__link has-custom-white-color has-text-color has-link-color has-border-color has-large-font-size has-custom-font-size wp-element-button\" href=\"tel:0048663660096\" style=\"border-color:#ffffff4d;border-width:2px\">Zadzwo\u0144: +48 663 660 096<\/a><\/div>\n<\/div>\n<\/div>\n<\/div>\n","protected":false},"excerpt":{"rendered":"<p>Centrum Medyczne NeuroVita Misja Neurovity Neurovita to nowoczesna plac\u00f3wka medyczna w Krakowie, stworzona z my\u015bl\u0105 o pacjentach poszukuj\u0105cych rzetelnej diagnostyki, skutecznego leczenia oraz dost\u0119pu do najnowszych osi\u0105gni\u0119\u0107 medycyny. Nasz\u0105 misj\u0105 jest \u0142\u0105czenie wiedzy klinicznej, nowoczesnych technologii i indywidualnego podej\u015bcia do ka\u017cdego pacjenta. W Neurovicie wierzymy, \u017ce medycyna powinna by\u0107 nie tylko skuteczna, ale tak\u017ce zrozumia\u0142a [&hellip;]<\/p>\n","protected":false},"author":2,"featured_media":0,"parent":22,"menu_order":0,"comment_status":"closed","ping_status":"closed","template":"page-no-title","meta":{"footnotes":""},"class_list":["post-250","page","type-page","status-publish","hentry"],"_links":{"self":[{"href":"https:\/\/neurovita.pl\/en\/wp-json\/wp\/v2\/pages\/250","targetHints":{"allow":["GET"]}}],"collection":[{"href":"https:\/\/neurovita.pl\/en\/wp-json\/wp\/v2\/pages"}],"about":[{"href":"https:\/\/neurovita.pl\/en\/wp-json\/wp\/v2\/types\/page"}],"author":[{"embeddable":true,"href":"https:\/\/neurovita.pl\/en\/wp-json\/wp\/v2\/users\/2"}],"replies":[{"embeddable":true,"href":"https:\/\/neurovita.pl\/en\/wp-json\/wp\/v2\/comments?post=250"}],"version-history":[{"count":23,"href":"https:\/\/neurovita.pl\/en\/wp-json\/wp\/v2\/pages\/250\/revisions"}],"predecessor-version":[{"id":1487,"href":"https:\/\/neurovita.pl\/en\/wp-json\/wp\/v2\/pages\/250\/revisions\/1487"}],"up":[{"embeddable":true,"href":"https:\/\/neurovita.pl\/en\/wp-json\/wp\/v2\/pages\/22"}],"wp:attachment":[{"href":"https:\/\/neurovita.pl\/en\/wp-json\/wp\/v2\/media?parent=250"}],"curies":[{"name":"wp","href":"https:\/\/api.w.org\/{rel}","templated":true}]}}