{"id":22,"date":"2026-03-17T21:31:53","date_gmt":"2026-03-17T20:31:53","guid":{"rendered":"https:\/\/neurovita.pl\/?page_id=22"},"modified":"2026-04-26T20:28:21","modified_gmt":"2026-04-26T18:28:21","slug":"o-nas","status":"publish","type":"page","link":"https:\/\/neurovita.pl\/en\/o-nas\/","title":{"rendered":"O nas"},"content":{"rendered":"\n<div class=\"wp-block-group alignfull has-custom-sand-background-color has-background has-global-padding is-layout-constrained wp-block-group-is-layout-constrained\" style=\"padding-top:var(--wp--preset--spacing--70);padding-bottom:var(--wp--preset--spacing--70)\">\n<div class=\"wp-block-columns alignwide is-layout-flex wp-container-core-columns-is-layout-28f84493 wp-block-columns-is-layout-flex\">\n<div class=\"wp-block-column is-vertically-aligned-center is-layout-flow wp-block-column-is-layout-flow\"><nav aria-label=\"Breadcrumb\" class=\"neurovita-breadcrumbs\"><ol><\/ol><\/nav><style>nav.neurovita-breadcrumbs ol{display:inline;list-style:none;margin-inline-start:0}nav.neurovita-breadcrumbs ol li{display:inline}nav.neurovita-breadcrumbs ol li:not(:last-child)::after{content:'\\203A';margin-inline-end:1ch;margin-inline-start:1ch}<\/style>\n\n\n\n<h1 class=\"wp-block-heading has-text-align-center\">O nas<\/h1>\n<\/div>\n<\/div>\n\n\n\n<div class=\"wp-block-columns alignwide is-layout-flex wp-container-core-columns-is-layout-dc63b7a3 wp-block-columns-is-layout-flex\" style=\"margin-top:var(--wp--preset--spacing--60)\">\n<div class=\"wp-block-column is-layout-flow wp-block-column-is-layout-flow\"><a class=\"karta wp-block-neurovita-card\" href=\"https:\/\/neurovita.pl\/en\/o-nas\/nasz-osrodek\/\">\n\t\t\t<figure class=\"wp-block-image size-full full-width nv-card__figure\">\n\t\t\t<img width=\"1290\" height=\"1032\" src=\"https:\/\/neurovita.pl\/wp-content\/uploads\/2026\/04\/WhatsApp-Image-2026-03-25-at-13.39.11.jpeg\" class=\"nv-card__image\" alt=\"\" loading=\"lazy\" decoding=\"async\" srcset=\"https:\/\/neurovita.pl\/wp-content\/uploads\/2026\/04\/WhatsApp-Image-2026-03-25-at-13.39.11.jpeg 1290w, https:\/\/neurovita.pl\/wp-content\/uploads\/2026\/04\/WhatsApp-Image-2026-03-25-at-13.39.11-300x240.jpeg 300w, https:\/\/neurovita.pl\/wp-content\/uploads\/2026\/04\/WhatsApp-Image-2026-03-25-at-13.39.11-1024x819.jpeg 1024w, https:\/\/neurovita.pl\/wp-content\/uploads\/2026\/04\/WhatsApp-Image-2026-03-25-at-13.39.11-768x614.jpeg 768w\" sizes=\"auto, (max-width: 1290px) 100vw, 1290px\" \/>\t\t<\/figure>\n\t\t<div class=\"nv-card__body full-width has-custom-white-background-color has-background\">\n\t\t\t\t\t<h3 class=\"wp-block-heading\">Nasz o\u015brodek<\/h3>\n\t\t\t\t\t\t\t<div class=\"nv-card__excerpt has-medium-font-size\">Nowoczesna plac\u00f3wka medyczna dzia\u0142aj\u0105ca od 2019 roku.<\/div>\n\t\t\t\t\t\t\t<div class=\"wp-block-buttons is-layout-flex wp-block-buttons-is-layout-flex\">\n\t\t\t\t<div class=\"wp-block-button is-style-with-arrow\">\n\t\t\t\t\t<span class=\"wp-block-button__link has-custom-dark-green-color has-text-color has-link-color wp-element-button\" aria-hidden=\"true\">Dowiedz si\u0119 wi\u0119cej<\/span>\n\t\t\t\t<\/div>\n\t\t\t<\/div>\n\t\t\t<\/div>\n<\/a>\n<\/div>\n\n\n\n<div class=\"wp-block-column is-layout-flow wp-block-column-is-layout-flow\"><a class=\"karta wp-block-neurovita-card\" href=\"https:\/\/neurovita.pl\/o-nas\/zespol\/\">\n\t\t\t<figure class=\"wp-block-image size-full full-width nv-card__figure\">\n\t\t\t<img width=\"1290\" height=\"726\" src=\"https:\/\/neurovita.pl\/wp-content\/uploads\/2026\/04\/WhatsApp-Image-2026-03-25-at-13.39.11-4-edited.jpeg\" class=\"nv-card__image\" alt=\"\" loading=\"lazy\" decoding=\"async\" srcset=\"https:\/\/neurovita.pl\/wp-content\/uploads\/2026\/04\/WhatsApp-Image-2026-03-25-at-13.39.11-4-edited.jpeg 1290w, https:\/\/neurovita.pl\/wp-content\/uploads\/2026\/04\/WhatsApp-Image-2026-03-25-at-13.39.11-4-edited-300x169.jpeg 300w, https:\/\/neurovita.pl\/wp-content\/uploads\/2026\/04\/WhatsApp-Image-2026-03-25-at-13.39.11-4-edited-1024x576.jpeg 1024w, https:\/\/neurovita.pl\/wp-content\/uploads\/2026\/04\/WhatsApp-Image-2026-03-25-at-13.39.11-4-edited-768x432.jpeg 768w\" sizes=\"auto, (max-width: 1290px) 100vw, 1290px\" \/>\t\t<\/figure>\n\t\t<div class=\"nv-card__body full-width has-custom-white-background-color has-background\">\n\t\t\t\t\t<h3 class=\"wp-block-heading\">Nasz zesp\u00f3\u0142<\/h3>\n\t\t\t\t\t\t\t<div class=\"nv-card__excerpt has-medium-font-size\">Certyfikowani specjali\u015bci, kt\u00f3rzy zawsze ch\u0119tnie pomog\u0105. <\/div>\n\t\t\t\t\t\t\t<div class=\"wp-block-buttons is-layout-flex wp-block-buttons-is-layout-flex\">\n\t\t\t\t<div class=\"wp-block-button is-style-with-arrow\">\n\t\t\t\t\t<span class=\"wp-block-button__link has-custom-dark-green-color has-text-color has-link-color wp-element-button\" aria-hidden=\"true\">Dowiedz si\u0119 wi\u0119cej<\/span>\n\t\t\t\t<\/div>\n\t\t\t<\/div>\n\t\t\t<\/div>\n<\/a>\n<\/div>\n<\/div>\n<\/div>\n","protected":false},"excerpt":{"rendered":"<p>O nas<\/p>\n","protected":false},"author":2,"featured_media":0,"parent":0,"menu_order":0,"comment_status":"closed","ping_status":"closed","template":"page-no-title","meta":{"footnotes":""},"class_list":["post-22","page","type-page","status-publish","hentry"],"_links":{"self":[{"href":"https:\/\/neurovita.pl\/en\/wp-json\/wp\/v2\/pages\/22","targetHints":{"allow":["GET"]}}],"collection":[{"href":"https:\/\/neurovita.pl\/en\/wp-json\/wp\/v2\/pages"}],"about":[{"href":"https:\/\/neurovita.pl\/en\/wp-json\/wp\/v2\/types\/page"}],"author":[{"embeddable":true,"href":"https:\/\/neurovita.pl\/en\/wp-json\/wp\/v2\/users\/2"}],"replies":[{"embeddable":true,"href":"https:\/\/neurovita.pl\/en\/wp-json\/wp\/v2\/comments?post=22"}],"version-history":[{"count":11,"href":"https:\/\/neurovita.pl\/en\/wp-json\/wp\/v2\/pages\/22\/revisions"}],"predecessor-version":[{"id":1422,"href":"https:\/\/neurovita.pl\/en\/wp-json\/wp\/v2\/pages\/22\/revisions\/1422"}],"wp:attachment":[{"href":"https:\/\/neurovita.pl\/en\/wp-json\/wp\/v2\/media?parent=22"}],"curies":[{"name":"wp","href":"https:\/\/api.w.org\/{rel}","templated":true}]}}