{"id":1455,"date":"2026-03-17T21:33:11","date_gmt":"2026-03-17T20:33:11","guid":{"rendered":"https:\/\/neurovita.pl\/neurological-diagnostics\/"},"modified":"2026-04-24T21:40:59","modified_gmt":"2026-04-24T19:40:59","slug":"neurological-diagnostics","status":"publish","type":"page","link":"https:\/\/neurovita.pl\/en\/services\/neurological-diagnostics\/","title":{"rendered":"Neurological diagnostics"},"content":{"rendered":"\n<div class=\"wp-block-group alignfull has-custom-sand-background-color has-background has-global-padding is-layout-constrained wp-block-group-is-layout-constrained\" style=\"padding-top:var(--wp--preset--spacing--70);padding-bottom:var(--wp--preset--spacing--70)\">\n<div class=\"wp-block-group alignwide is-layout-flow wp-block-group-is-layout-flow\"><nav aria-label=\"Breadcrumb\" class=\"neurovita-breadcrumbs\"><ol><\/ol><\/nav><style>nav.neurovita-breadcrumbs ol{display:inline;list-style:none;margin-inline-start:0}nav.neurovita-breadcrumbs ol li{display:inline}nav.neurovita-breadcrumbs ol li:not(:last-child)::after{content:'\\203A';margin-inline-end:1ch;margin-inline-start:1ch}<\/style>\n<\/div>\n\n\n\n<div class=\"wp-block-group has-global-padding is-layout-constrained wp-block-group-is-layout-constrained\">\n<h1 class=\"wp-block-heading has-text-align-center\">Diagnostyka neurologiczna <\/h1>\n\n\n\n<div style=\"height:40px\" aria-hidden=\"true\" class=\"wp-block-spacer\"><\/div>\n\n\n\n<p class=\"has-text-align-center is-style-text-subtitle has-large-font-size is-style-text-subtitle--1\">A comprehensive evaluation of the nervous system that combines modern imaging, laboratory, and neurophysiological tests to accurately diagnose the condition.<\/p>\n<\/div>\n\n\n\n<div class=\"wp-block-columns alignwide is-layout-flex wp-container-core-columns-is-layout-dc63b7a3 wp-block-columns-is-layout-flex\" style=\"margin-top:var(--wp--preset--spacing--60)\">\n<div class=\"wp-block-column is-layout-flow wp-block-column-is-layout-flow\" style=\"flex-basis:31%\"><a class=\"karta wp-block-neurovita-card\" href=\"https:\/\/neurovita.pl\/uslugi\/diagnostyka\/badania-laboratoryjne\/\">\n\t\t\t<figure class=\"wp-block-image size-full full-width nv-card__figure\">\n\t\t\t<img width=\"512\" height=\"512\" src=\"https:\/\/neurovita.pl\/wp-content\/uploads\/2026\/03\/badania-kliniczne.png\" class=\"nv-card__image\" alt=\"\" loading=\"lazy\" decoding=\"async\" srcset=\"https:\/\/neurovita.pl\/wp-content\/uploads\/2026\/03\/badania-kliniczne.png 512w, https:\/\/neurovita.pl\/wp-content\/uploads\/2026\/03\/badania-kliniczne-300x300.png 300w, https:\/\/neurovita.pl\/wp-content\/uploads\/2026\/03\/badania-kliniczne-150x150.png 150w\" sizes=\"auto, (max-width: 512px) 100vw, 512px\" \/>\t\t<\/figure>\n\t\t<div class=\"nv-card__body full-width has-custom-white-background-color has-background\">\n\t\t\t\t\t<h3 class=\"wp-block-heading\">Badania laboratoryjne<\/h3>\n\t\t\t\t\t\t\t<div class=\"nv-card__excerpt has-medium-font-size\">Obejmuj\u0105 szczeg\u00f3\u0142ow\u0105 analiz\u0119 krwi i innych parametr\u00f3w biologicznych, umo\u017cliwiaj\u0105c\u0105 wykrycie nieprawid\u0142owo\u015bci metabolicznych, hormonalnych i zapalnych istotnych dla diagnostyki neurologicznej.<\/div>\n\t\t\t\t\t\t\t<div class=\"wp-block-buttons is-layout-flex wp-block-buttons-is-layout-flex\">\n\t\t\t\t<div class=\"wp-block-button is-style-with-arrow\">\n\t\t\t\t\t<span class=\"wp-block-button__link has-custom-dark-green-color has-text-color has-link-color wp-element-button\" aria-hidden=\"true\">Dowiedz si\u0119 wi\u0119cej<\/span>\n\t\t\t\t<\/div>\n\t\t\t<\/div>\n\t\t\t<\/div>\n<\/a>\n<\/div>\n\n\n\n<div class=\"wp-block-column is-layout-flow wp-block-column-is-layout-flow\" style=\"flex-basis:31%\"><a class=\"karta wp-block-neurovita-card\" href=\"https:\/\/neurovita.pl\/uslugi\/diagnostyka\/badanie-usg-tetnic-szyjnych-i-kregowych-metoda-doppler\/\">\n\t\t\t<figure class=\"wp-block-image size-full full-width nv-card__figure\">\n\t\t\t<img width=\"512\" height=\"512\" src=\"https:\/\/neurovita.pl\/wp-content\/uploads\/2026\/03\/badania-kliniczne.png\" class=\"nv-card__image\" alt=\"\" loading=\"lazy\" decoding=\"async\" srcset=\"https:\/\/neurovita.pl\/wp-content\/uploads\/2026\/03\/badania-kliniczne.png 512w, https:\/\/neurovita.pl\/wp-content\/uploads\/2026\/03\/badania-kliniczne-300x300.png 300w, https:\/\/neurovita.pl\/wp-content\/uploads\/2026\/03\/badania-kliniczne-150x150.png 150w\" sizes=\"auto, (max-width: 512px) 100vw, 512px\" \/>\t\t<\/figure>\n\t\t<div class=\"nv-card__body full-width has-custom-white-background-color has-background\">\n\t\t\t\t\t<h3 class=\"wp-block-heading\">Badanie USG t\u0119tnic szyjnych i kr\u0119gowych metod\u0105 Doppler<\/h3>\n\t\t\t\t\t\t\t<div class=\"nv-card__excerpt has-medium-font-size\">Nieinwazyjna ocena przep\u0142ywu krwi w naczyniach zaopatruj\u0105cych m\u00f3zg, pozwalaj\u0105ca wykry\u0107 zw\u0119\u017cenia, blaszki mia\u017cd\u017cycowe i inne zmiany zagra\u017caj\u0105ce udarem.<\/div>\n\t\t\t\t\t\t\t<div class=\"wp-block-buttons is-layout-flex wp-block-buttons-is-layout-flex\">\n\t\t\t\t<div class=\"wp-block-button is-style-with-arrow\">\n\t\t\t\t\t<span class=\"wp-block-button__link has-custom-dark-green-color has-text-color has-link-color wp-element-button\" aria-hidden=\"true\">Dowiedz si\u0119 wi\u0119cej<\/span>\n\t\t\t\t<\/div>\n\t\t\t<\/div>\n\t\t\t<\/div>\n<\/a>\n<\/div>\n\n\n\n<div class=\"wp-block-column is-layout-flow wp-block-column-is-layout-flow\" style=\"flex-basis:31%\"><a class=\"karta wp-block-neurovita-card\" href=\"https:\/\/neurovita.pl\/uslugi\/diagnostyka\/choroba-alzheimera\/\">\n\t\t\t<figure class=\"wp-block-image size-full full-width nv-card__figure\">\n\t\t\t<img width=\"512\" height=\"512\" src=\"https:\/\/neurovita.pl\/wp-content\/uploads\/2026\/03\/badania-kliniczne.png\" class=\"nv-card__image\" alt=\"\" loading=\"lazy\" decoding=\"async\" srcset=\"https:\/\/neurovita.pl\/wp-content\/uploads\/2026\/03\/badania-kliniczne.png 512w, https:\/\/neurovita.pl\/wp-content\/uploads\/2026\/03\/badania-kliniczne-300x300.png 300w, https:\/\/neurovita.pl\/wp-content\/uploads\/2026\/03\/badania-kliniczne-150x150.png 150w\" sizes=\"auto, (max-width: 512px) 100vw, 512px\" \/>\t\t<\/figure>\n\t\t<div class=\"nv-card__body full-width has-custom-white-background-color has-background\">\n\t\t\t\t\t<h3 class=\"wp-block-heading\">Choroba Alzheimera<\/h3>\n\t\t\t\t\t\t\t<div class=\"nv-card__excerpt has-medium-font-size\">Kompleksowa diagnostyka zaburze\u0144 pami\u0119ci i funkcji poznawczych z wykorzystaniem test\u00f3w neuropsychologicznych i bada\u0144 obrazowych w celu wczesnego rozpoznania i wdro\u017cenia leczenia spowalniaj\u0105cego post\u0119p choroby.<\/div>\n\t\t\t\t\t\t\t<div class=\"wp-block-buttons is-layout-flex wp-block-buttons-is-layout-flex\">\n\t\t\t\t<div class=\"wp-block-button is-style-with-arrow\">\n\t\t\t\t\t<span class=\"wp-block-button__link has-custom-dark-green-color has-text-color has-link-color wp-element-button\" aria-hidden=\"true\">Dowiedz si\u0119 wi\u0119cej<\/span>\n\t\t\t\t<\/div>\n\t\t\t<\/div>\n\t\t\t<\/div>\n<\/a>\n<\/div>\n<\/div>\n\n\n\n<div class=\"wp-block-columns alignwide is-layout-flex wp-container-core-columns-is-layout-dc63b7a3 wp-block-columns-is-layout-flex\" style=\"margin-top:var(--wp--preset--spacing--60)\">\n<div class=\"wp-block-column is-layout-flow wp-block-column-is-layout-flow\" style=\"flex-basis:31%\"><a class=\"karta wp-block-neurovita-card\" href=\"https:\/\/neurovita.pl\/uslugi\/diagnostyka\/choroba-parkinsona\/\">\n\t\t\t<figure class=\"wp-block-image size-full full-width nv-card__figure\">\n\t\t\t<img width=\"512\" height=\"512\" src=\"https:\/\/neurovita.pl\/wp-content\/uploads\/2026\/03\/badania-kliniczne.png\" class=\"nv-card__image\" alt=\"\" loading=\"lazy\" decoding=\"async\" srcset=\"https:\/\/neurovita.pl\/wp-content\/uploads\/2026\/03\/badania-kliniczne.png 512w, https:\/\/neurovita.pl\/wp-content\/uploads\/2026\/03\/badania-kliniczne-300x300.png 300w, https:\/\/neurovita.pl\/wp-content\/uploads\/2026\/03\/badania-kliniczne-150x150.png 150w\" sizes=\"auto, (max-width: 512px) 100vw, 512px\" \/>\t\t<\/figure>\n\t\t<div class=\"nv-card__body full-width has-custom-white-background-color has-background\">\n\t\t\t\t\t<h3 class=\"wp-block-heading\">Choroba Parkinsona<\/h3>\n\t\t\t\t\t\t\t<div class=\"nv-card__excerpt has-medium-font-size\">Ocena objaw\u00f3w ruchowych i pozaruchowych, takich jak dr\u017cenie, spowolnienie i zaburzenia r\u00f3wnowagi, pozwalaj\u0105ca na trafne rozpoznanie i dob\u00f3r optymalnej terapii.<\/div>\n\t\t\t\t\t\t\t<div class=\"wp-block-buttons is-layout-flex wp-block-buttons-is-layout-flex\">\n\t\t\t\t<div class=\"wp-block-button is-style-with-arrow\">\n\t\t\t\t\t<span class=\"wp-block-button__link has-custom-dark-green-color has-text-color has-link-color wp-element-button\" aria-hidden=\"true\">Dowiedz si\u0119 wi\u0119cej<\/span>\n\t\t\t\t<\/div>\n\t\t\t<\/div>\n\t\t\t<\/div>\n<\/a>\n<\/div>\n\n\n\n<div class=\"wp-block-column is-layout-flow wp-block-column-is-layout-flow\" style=\"flex-basis:31%\"><a class=\"karta wp-block-neurovita-card\" href=\"https:\/\/neurovita.pl\/uslugi\/diagnostyka\/diagnostyka-poudarowa\/\">\n\t\t\t<figure class=\"wp-block-image size-full full-width nv-card__figure\">\n\t\t\t<img width=\"512\" height=\"512\" src=\"https:\/\/neurovita.pl\/wp-content\/uploads\/2026\/03\/badania-kliniczne.png\" class=\"nv-card__image\" alt=\"\" loading=\"lazy\" decoding=\"async\" srcset=\"https:\/\/neurovita.pl\/wp-content\/uploads\/2026\/03\/badania-kliniczne.png 512w, https:\/\/neurovita.pl\/wp-content\/uploads\/2026\/03\/badania-kliniczne-300x300.png 300w, https:\/\/neurovita.pl\/wp-content\/uploads\/2026\/03\/badania-kliniczne-150x150.png 150w\" sizes=\"auto, (max-width: 512px) 100vw, 512px\" \/>\t\t<\/figure>\n\t\t<div class=\"nv-card__body full-width has-custom-white-background-color has-background\">\n\t\t\t\t\t<h3 class=\"wp-block-heading\">Diagnostyka poudarowa<\/h3>\n\t\t\t\t\t\t\t<div class=\"nv-card__excerpt has-medium-font-size\">Wielospecjalistyczna ocena pacjent\u00f3w po przebytym udarze m\u00f3zgu obejmuj\u0105ca analiz\u0119 przyczyn, ocen\u0119 deficyt\u00f3w neurologicznych oraz planowanie rehabilitacji i profilaktyki wt\u00f3rnej.<\/div>\n\t\t\t\t\t\t\t<div class=\"wp-block-buttons is-layout-flex wp-block-buttons-is-layout-flex\">\n\t\t\t\t<div class=\"wp-block-button is-style-with-arrow\">\n\t\t\t\t\t<span class=\"wp-block-button__link has-custom-dark-green-color has-text-color has-link-color wp-element-button\" aria-hidden=\"true\">Dowiedz si\u0119 wi\u0119cej<\/span>\n\t\t\t\t<\/div>\n\t\t\t<\/div>\n\t\t\t<\/div>\n<\/a>\n<\/div>\n\n\n\n<div class=\"wp-block-column is-layout-flow wp-block-column-is-layout-flow\" style=\"flex-basis:31%\"><a class=\"karta wp-block-neurovita-card\" href=\"https:\/\/neurovita.pl\/uslugi\/diagnostyka\/diagnostyka-stwardnienia-rozsianego-sm-i-zmian-demielinizacyjnych-mozgu\/\">\n\t\t\t<figure class=\"wp-block-image size-full full-width nv-card__figure\">\n\t\t\t<img width=\"512\" height=\"512\" src=\"https:\/\/neurovita.pl\/wp-content\/uploads\/2026\/03\/badania-kliniczne.png\" class=\"nv-card__image\" alt=\"\" loading=\"lazy\" decoding=\"async\" srcset=\"https:\/\/neurovita.pl\/wp-content\/uploads\/2026\/03\/badania-kliniczne.png 512w, https:\/\/neurovita.pl\/wp-content\/uploads\/2026\/03\/badania-kliniczne-300x300.png 300w, https:\/\/neurovita.pl\/wp-content\/uploads\/2026\/03\/badania-kliniczne-150x150.png 150w\" sizes=\"auto, (max-width: 512px) 100vw, 512px\" \/>\t\t<\/figure>\n\t\t<div class=\"nv-card__body full-width has-custom-white-background-color has-background\">\n\t\t\t\t\t<h3 class=\"wp-block-heading\">Diagnostyka stwardnienia rozsianego (SM) i zmian demielinizacyjnych mo\u0301zgu<\/h3>\n\t\t\t\t\t\t\t<div class=\"nv-card__excerpt has-medium-font-size\">Szczeg\u00f3\u0142owe badania, w tym rezonans magnetyczny i analiza p\u0142ynu m\u00f3zgowo-rdzeniowego, maj\u0105ce na celu rozpoznanie uszkodze\u0144 os\u0142onek mielinowych i monitorowanie przebiegu choroby.<\/div>\n\t\t\t\t\t\t\t<div class=\"wp-block-buttons is-layout-flex wp-block-buttons-is-layout-flex\">\n\t\t\t\t<div class=\"wp-block-button is-style-with-arrow\">\n\t\t\t\t\t<span class=\"wp-block-button__link has-custom-dark-green-color has-text-color has-link-color wp-element-button\" aria-hidden=\"true\">Dowiedz si\u0119 wi\u0119cej<\/span>\n\t\t\t\t<\/div>\n\t\t\t<\/div>\n\t\t\t<\/div>\n<\/a>\n<\/div>\n<\/div>\n\n\n\n<div class=\"wp-block-columns alignwide is-layout-flex wp-container-core-columns-is-layout-dc63b7a3 wp-block-columns-is-layout-flex\" style=\"margin-top:var(--wp--preset--spacing--60)\">\n<div class=\"wp-block-column is-layout-flow wp-block-column-is-layout-flow\" style=\"flex-basis:31%\"><a class=\"karta wp-block-neurovita-card\" href=\"https:\/\/neurovita.pl\/uslugi\/diagnostyka\/inne-niz-migrena-bole-glowy-w-terapii-poudarowej\/\">\n\t\t\t<figure class=\"wp-block-image size-full full-width nv-card__figure\">\n\t\t\t<img width=\"512\" height=\"512\" src=\"https:\/\/neurovita.pl\/wp-content\/uploads\/2026\/03\/badania-kliniczne.png\" class=\"nv-card__image\" alt=\"\" loading=\"lazy\" decoding=\"async\" srcset=\"https:\/\/neurovita.pl\/wp-content\/uploads\/2026\/03\/badania-kliniczne.png 512w, https:\/\/neurovita.pl\/wp-content\/uploads\/2026\/03\/badania-kliniczne-300x300.png 300w, https:\/\/neurovita.pl\/wp-content\/uploads\/2026\/03\/badania-kliniczne-150x150.png 150w\" sizes=\"auto, (max-width: 512px) 100vw, 512px\" \/>\t\t<\/figure>\n\t\t<div class=\"nv-card__body full-width has-custom-white-background-color has-background\">\n\t\t\t\t\t<h3 class=\"wp-block-heading\">Inne niz\u0307 migrena bo\u0301le g\u0142owy w terapii poudarowej<\/h3>\n\t\t\t\t\t\t\t<div class=\"nv-card__excerpt has-medium-font-size\">Diagnostyka i leczenie wt\u00f3rnych b\u00f3l\u00f3w g\u0142owy pojawiaj\u0105cych si\u0119 po udarze m\u00f3zgu, z uwzgl\u0119dnieniem ich specyficznego mechanizmu i odpowiedniego post\u0119powania terapeutycznego.<\/div>\n\t\t\t\t\t\t\t<div class=\"wp-block-buttons is-layout-flex wp-block-buttons-is-layout-flex\">\n\t\t\t\t<div class=\"wp-block-button is-style-with-arrow\">\n\t\t\t\t\t<span class=\"wp-block-button__link has-custom-dark-green-color has-text-color has-link-color wp-element-button\" aria-hidden=\"true\">Dowiedz si\u0119 wi\u0119cej<\/span>\n\t\t\t\t<\/div>\n\t\t\t<\/div>\n\t\t\t<\/div>\n<\/a>\n<\/div>\n<\/div>\n<\/div>\n","protected":false},"excerpt":{"rendered":"<p>Diagnostyka neurologiczna A comprehensive evaluation of the nervous system that combines modern imaging, laboratory, and neurophysiological tests to accurately diagnose the condition.<\/p>\n","protected":false},"author":2,"featured_media":0,"parent":1457,"menu_order":0,"comment_status":"closed","ping_status":"closed","template":"page-no-title","meta":{"footnotes":""},"class_list":["post-1455","page","type-page","status-publish","hentry"],"_links":{"self":[{"href":"https:\/\/neurovita.pl\/en\/wp-json\/wp\/v2\/pages\/1455","targetHints":{"allow":["GET"]}}],"collection":[{"href":"https:\/\/neurovita.pl\/en\/wp-json\/wp\/v2\/pages"}],"about":[{"href":"https:\/\/neurovita.pl\/en\/wp-json\/wp\/v2\/types\/page"}],"author":[{"embeddable":true,"href":"https:\/\/neurovita.pl\/en\/wp-json\/wp\/v2\/users\/2"}],"replies":[{"embeddable":true,"href":"https:\/\/neurovita.pl\/en\/wp-json\/wp\/v2\/comments?post=1455"}],"version-history":[{"count":3,"href":"https:\/\/neurovita.pl\/en\/wp-json\/wp\/v2\/pages\/1455\/revisions"}],"predecessor-version":[{"id":1480,"href":"https:\/\/neurovita.pl\/en\/wp-json\/wp\/v2\/pages\/1455\/revisions\/1480"}],"up":[{"embeddable":true,"href":"https:\/\/neurovita.pl\/en\/wp-json\/wp\/v2\/pages\/1457"}],"wp:attachment":[{"href":"https:\/\/neurovita.pl\/en\/wp-json\/wp\/v2\/media?parent=1455"}],"curies":[{"name":"wp","href":"https:\/\/api.w.org\/{rel}","templated":true}]}}